{"id":1723,"date":"2018-12-14T12:14:41","date_gmt":"2018-12-14T11:14:41","guid":{"rendered":"https:\/\/demo.gloriathemes.com\/eventchamp\/demo\/?page_id=1723"},"modified":"2024-05-20T10:33:23","modified_gmt":"2024-05-20T08:33:23","slug":"contact","status":"publish","type":"page","link":"https:\/\/isadviser.com\/operating-partners-day\/contact\/","title":{"rendered":"Lieu et contact"},"content":{"rendered":"<div class=\"wpb-content-wrapper\"><p>[vc_row][vc_column offset=\u00a0\u00bbvc_col-lg-2 vc_col-md-2 vc_hidden-sm vc_col-xs-12 vc_hidden-xs\u00a0\u00bb][\/vc_column][vc_column offset=\u00a0\u00bbvc_col-lg-8 vc_col-md-8 vc_col-xs-12&Prime;][vc_empty_space height=\u00a0\u00bb25px\u00a0\u00bb]<div class=\"gt-heading gt-dark gt-size1 gt-align-center\"><div class=\"gt-title\">Lieu &amp; <span>Contact<\/span><\/div><div class=\"gt-separate\"><i class=\"fas fa-map-pin\"><\/i><\/div><\/div>[vc_empty_space height=\u00a0\u00bb25px\u00a0\u00bb][vc_column_text css=\u00a0\u00bb.vc_custom_1716193997752{margin-bottom: 0px !important;}\u00a0\u00bb]<\/p>\n<p style=\"text-align: center;\"><a href=\"mailto:sdumas@isadviser.com\" target=\"_blank\" rel=\"noopener\">sdumas@isadviser.com<\/a><\/p>\n<p style=\"text-align: center;\">Les Salons Hoche 9 Avenue Hoche, 75008 Paris<\/p>\n<p>[\/vc_column_text][vc_empty_space height=\u00a0\u00bb115px\u00a0\u00bb]\n<div class=\"wpcf7 no-js\" id=\"wpcf7-f1916-o1\" lang=\"en-US\" dir=\"ltr\" data-wpcf7-id=\"1916\">\n<div class=\"screen-reader-response\"><p role=\"status\" aria-live=\"polite\" aria-atomic=\"true\"><\/p> <ul><\/ul><\/div>\n<form action=\"\/operating-partners-day\/wp-json\/wp\/v2\/pages\/1723#wpcf7-f1916-o1\" method=\"post\" class=\"wpcf7-form init\" aria-label=\"Contact form\" novalidate=\"novalidate\" data-status=\"init\">\n<fieldset class=\"hidden-fields-container\"><input type=\"hidden\" name=\"_wpcf7\" value=\"1916\" \/><input type=\"hidden\" name=\"_wpcf7_version\" value=\"6.1.5\" \/><input type=\"hidden\" name=\"_wpcf7_locale\" value=\"en_US\" \/><input type=\"hidden\" name=\"_wpcf7_unit_tag\" value=\"wpcf7-f1916-o1\" \/><input type=\"hidden\" name=\"_wpcf7_container_post\" value=\"0\" \/><input type=\"hidden\" name=\"_wpcf7_posted_data_hash\" value=\"\" \/><input type=\"hidden\" name=\"_wpcf7_recaptcha_response\" value=\"\" \/>\n<\/fieldset>\n<div class=\"gt-columns gt-column-1 gt-column-space-15\">\n\t<div class=\"gt-col\">\n\t\t<div class=\"gt-inner\">\n\t\t\t<p><span class=\"wpcf7-form-control-wrap\" data-name=\"your-name\"><input size=\"40\" maxlength=\"400\" class=\"wpcf7-form-control wpcf7-text wpcf7-validates-as-required\" aria-required=\"true\" aria-invalid=\"false\" placeholder=\"Votre nom et pr\u00e9nom\" value=\"\" type=\"text\" name=\"your-name\" \/><\/span>\n\t\t\t<\/p>\n\t\t<\/div>\n\t<\/div>\n\t<div class=\"gt-col\">\n\t\t<div class=\"gt-inner\">\n\t\t\t<p><span class=\"wpcf7-form-control-wrap\" data-name=\"your-email\"><input size=\"40\" maxlength=\"400\" class=\"wpcf7-form-control wpcf7-email wpcf7-validates-as-required wpcf7-text wpcf7-validates-as-email\" aria-required=\"true\" aria-invalid=\"false\" placeholder=\"Votre email\" value=\"\" type=\"email\" name=\"your-email\" \/><\/span>\n\t\t\t<\/p>\n\t\t<\/div>\n\t<\/div>\n\t<div class=\"gt-col\">\n\t\t<div class=\"gt-inner\">\n\t\t\t<p><span class=\"wpcf7-form-control-wrap\" data-name=\"your-subject\"><input size=\"40\" maxlength=\"400\" class=\"wpcf7-form-control wpcf7-text wpcf7-validates-as-required\" aria-required=\"true\" aria-invalid=\"false\" placeholder=\"Sujet\" value=\"\" type=\"text\" name=\"your-subject\" \/><\/span>\n\t\t\t<\/p>\n\t\t<\/div>\n\t<\/div>\n\t<div class=\"gt-col\">\n\t\t<div class=\"gt-inner\">\n\t\t\t<p><span class=\"wpcf7-form-control-wrap\" data-name=\"your-message\"><textarea cols=\"40\" rows=\"5\" maxlength=\"2000\" class=\"wpcf7-form-control wpcf7-textarea\" aria-invalid=\"false\" placeholder=\"Message\" name=\"your-message\"><\/textarea><\/span>\n\t\t\t<\/p>\n\t\t<\/div>\n\t<\/div>\n\t<div class=\"gt-col\">\n\t\t<div class=\"gt-inner\">\n\t\t\t<p><span class=\"wpcf7-form-control-wrap\" data-name=\"confirmation\"><span class=\"wpcf7-form-control wpcf7-checkbox wpcf7-validates-as-required wpcf7-exclusive-checkbox gt-checkbox\"><span class=\"wpcf7-list-item first last\"><label><input type=\"checkbox\" name=\"confirmation\" value=\"Je consens \u00e0 ce qu&#039;I&amp;S Adviser recueille mes donn\u00e9es par le biais de ce formulaire*.\" \/><span class=\"wpcf7-list-item-label\">Je consens \u00e0 ce qu&#039;I&amp;S Adviser recueille mes donn\u00e9es par le biais de ce formulaire*.<\/span><\/label><\/span><\/span><\/span>\n\t\t\t<\/p>\n\t\t\t<p style=\"font-style: italic; font-size: 0.9231rem;\">*Nous utiliserons ces donn\u00e9es uniquement dans le cadre de notre \u00e9change. Nous ne revendrons pas vos donn\u00e9es, ni ne nous enverrons de communication marketing sans votre accord pr\u00e9alable.\n\t\t\t<\/p>\n\t\t<\/div>\n\t<\/div>\n\t<div class=\"gt-col\">\n\t\t<div class=\"gt-inner\">\n\t\t\t<p><input class=\"wpcf7-form-control wpcf7-submit has-spinner\" type=\"submit\" value=\"Envoyer\" \/>\n\t\t\t<\/p>\n\t\t<\/div>\n\t<\/div>\n<\/div><div class=\"wpcf7-response-output\" aria-hidden=\"true\"><\/div>\n<\/form>\n<\/div>\n[vc_empty_space height=\u00a0\u00bb120px\u00a0\u00bb][\/vc_column][vc_column offset=\u00a0\u00bbvc_col-lg-2 vc_col-md-2 vc_hidden-sm vc_col-xs-12 vc_hidden-xs\u00a0\u00bb][\/vc_column][\/vc_row][vc_row full_width=\u00a0\u00bbstretch_row_content_no_spaces\u00a0\u00bb][vc_column]<div class=\"gt-get-event-content\"><div class=\"gt-map\"><div id=\"event_map\" class=\"gt-map-inner\" style=\"height:80vh;\"><\/div><ul data-zoom=\"12\" data-lat=\"48.869503021240234\" data-lng=\"2.3396425247192383\" data-type=\"true\" data-scale=\"true\" data-zoom-control=\"true\" data-map-style=\"1\" data-street=\"true\" data-fullscreen=\"true\" data-icon=\"https:\/\/isadviser.com\/operating-partners-day\/wp-content\/themes\/eventchamp\/include\/assets\/img\/map-marker.png\" data-first-info=\"false\" data-close-icon=\"\"><li data-lat=\"48.869503021240234\" data-lng=\"2.3396425247192383\" data-icon=\"https:\/\/isadviser.com\/operating-partners-day\/wp-content\/themes\/eventchamp\/include\/assets\/img\/map-marker.png\"><\/li><\/ul><\/div><\/div>[\/vc_column][\/vc_row]<\/p>\n<\/div>","protected":false},"excerpt":{"rendered":"<p>[vc_row][vc_column offset=\u00a0\u00bbvc_col-lg-2 vc_col-md-2 vc_hidden-sm vc_col-xs-12 vc_hidden-xs\u00a0\u00bb][\/vc_column][vc_column offset=\u00a0\u00bbvc_col-lg-8 vc_col-md-8 vc_col-xs-12&Prime;][vc_empty_space height=\u00a0\u00bb25px\u00a0\u00bb][vc_empty_space height=\u00a0\u00bb25px\u00a0\u00bb][vc_column_text css=\u00a0\u00bb.vc_custom_1716193997752{margin-bottom: 0px !important;}\u00a0\u00bb] sdumas@isadviser.com Les Salons Hoche 9 Avenue Hoche, 75008 Paris [\/vc_column_text][vc_empty_space height=\u00a0\u00bb115px\u00a0\u00bb][vc_empty_space height=\u00a0\u00bb120px\u00a0\u00bb][\/vc_column][vc_column offset=\u00a0\u00bbvc_col-lg-2 vc_col-md-2 vc_hidden-sm vc_col-xs-12 vc_hidden-xs\u00a0\u00bb][\/vc_column][\/vc_row][vc_row full_width=\u00a0\u00bbstretch_row_content_no_spaces\u00a0\u00bb][vc_column][\/vc_column][\/vc_row]<\/p>\n","protected":false},"author":1,"featured_media":0,"parent":0,"menu_order":0,"comment_status":"closed","ping_status":"closed","template":"","meta":{"_seopress_robots_primary_cat":"","_seopress_titles_title":"Lieu et contact | Operating Partners Day 23","_seopress_titles_desc":"","_seopress_robots_index":"","inline_featured_image":false,"footnotes":""},"class_list":["post-1723","page","type-page","status-publish","hentry"],"_links":{"self":[{"href":"https:\/\/isadviser.com\/operating-partners-day\/wp-json\/wp\/v2\/pages\/1723","targetHints":{"allow":["GET"]}}],"collection":[{"href":"https:\/\/isadviser.com\/operating-partners-day\/wp-json\/wp\/v2\/pages"}],"about":[{"href":"https:\/\/isadviser.com\/operating-partners-day\/wp-json\/wp\/v2\/types\/page"}],"author":[{"embeddable":true,"href":"https:\/\/isadviser.com\/operating-partners-day\/wp-json\/wp\/v2\/users\/1"}],"replies":[{"embeddable":true,"href":"https:\/\/isadviser.com\/operating-partners-day\/wp-json\/wp\/v2\/comments?post=1723"}],"version-history":[{"count":3,"href":"https:\/\/isadviser.com\/operating-partners-day\/wp-json\/wp\/v2\/pages\/1723\/revisions"}],"predecessor-version":[{"id":4324,"href":"https:\/\/isadviser.com\/operating-partners-day\/wp-json\/wp\/v2\/pages\/1723\/revisions\/4324"}],"wp:attachment":[{"href":"https:\/\/isadviser.com\/operating-partners-day\/wp-json\/wp\/v2\/media?parent=1723"}],"curies":[{"name":"wp","href":"https:\/\/api.w.org\/{rel}","templated":true}]}}